{"id":565,"date":"2017-12-18T11:57:56","date_gmt":"2017-12-18T14:57:56","guid":{"rendered":"http:\/\/www.atleticoechagueclub.com.ar\/?page_id=565"},"modified":"2019-03-26T18:28:59","modified_gmt":"2019-03-26T21:28:59","slug":"socios","status":"publish","type":"page","link":"https:\/\/www.atleticoechagueclub.com.ar\/?page_id=565","title":{"rendered":"Socios"},"content":{"rendered":"\n<p>Te podes asociar con tan solo acercarte a nuestra sede social de 25 de Mayo 555 en la ciudad de Paran\u00e1. En Secretar\u00eda completas una ficha con tus datos personales, te sacamos la foto para el carnet, pagas el arancel y listo! Sos socio de El Negro de Paran\u00e1.<\/p>\n\n\n\n<p>Beneficios: siendo socio de nuestro club tenes la posibilidad tanto de hacer uso de las instalaciones que son de utilizaci\u00f3n com\u00fan como es el caso del quincho abierto al que podes traer 10 personas anotadas en una lista que te damos en secretar\u00eda. Si son m\u00e1s pagas el excedente por persona.<\/p>\n","protected":false},"excerpt":{"rendered":"<p>Te podes asociar con tan solo acercarte a nuestra sede social de 25 de Mayo 555 en la ciudad de Paran\u00e1. En Secretar\u00eda completas una ficha con tus datos personales, te sacamos la foto para el carnet, pagas el arancel y listo! Sos socio de El Negro de Paran\u00e1. Beneficios: siendo socio de nuestro club [&hellip;]<\/p>\n","protected":false},"author":1,"featured_media":0,"parent":0,"menu_order":0,"comment_status":"closed","ping_status":"closed","template":"","meta":[],"_links":{"self":[{"href":"https:\/\/www.atleticoechagueclub.com.ar\/index.php?rest_route=\/wp\/v2\/pages\/565"}],"collection":[{"href":"https:\/\/www.atleticoechagueclub.com.ar\/index.php?rest_route=\/wp\/v2\/pages"}],"about":[{"href":"https:\/\/www.atleticoechagueclub.com.ar\/index.php?rest_route=\/wp\/v2\/types\/page"}],"author":[{"embeddable":true,"href":"https:\/\/www.atleticoechagueclub.com.ar\/index.php?rest_route=\/wp\/v2\/users\/1"}],"replies":[{"embeddable":true,"href":"https:\/\/www.atleticoechagueclub.com.ar\/index.php?rest_route=%2Fwp%2Fv2%2Fcomments&post=565"}],"version-history":[{"count":4,"href":"https:\/\/www.atleticoechagueclub.com.ar\/index.php?rest_route=\/wp\/v2\/pages\/565\/revisions"}],"predecessor-version":[{"id":1787,"href":"https:\/\/www.atleticoechagueclub.com.ar\/index.php?rest_route=\/wp\/v2\/pages\/565\/revisions\/1787"}],"wp:attachment":[{"href":"https:\/\/www.atleticoechagueclub.com.ar\/index.php?rest_route=%2Fwp%2Fv2%2Fmedia&parent=565"}],"curies":[{"name":"wp","href":"https:\/\/api.w.org\/{rel}","templated":true}]}}