{"id":570,"date":"2017-12-18T11:58:42","date_gmt":"2017-12-18T14:58:42","guid":{"rendered":"http:\/\/www.atleticoechagueclub.com.ar\/?page_id=570"},"modified":"2019-03-26T18:32:34","modified_gmt":"2019-03-26T21:32:34","slug":"deportes","status":"publish","type":"page","link":"https:\/\/www.atleticoechagueclub.com.ar\/?page_id=570","title":{"rendered":"Deportes"},"content":{"rendered":"<p>En el Atl\u00e9tico Echag\u00fce Club tenemos una amplia gama de deportes a los que te podes sumar y practicar, ya sea de manera competitiva como recreativa.<\/p>\n<p>Somos reconocidos en el pa\u00eds por el b\u00e1squet, ya que participamos en la Liga Argentina de B\u00e1squet, que es la segunda categor\u00eda de la pelota naranja. Tambi\u00e9n hemos participado de la Liga Argentina de Voley, as\u00ed como tambi\u00e9n de la Liga Femenina de Voley.<\/p>\n\n\n<blockquote class=\"wp-block-quote is-style-large\"><p> <br><strong><em>\u00abEl talento gana partidos, pero el trabajo en equipo y la inteligencia ganan campeonatos\u00bb <\/em><\/strong><\/p><p>Michael Jordan. <\/p><\/blockquote>\n\n\n\n<p><\/p>\n","protected":false},"excerpt":{"rendered":"<p>En el Atl\u00e9tico Echag\u00fce Club tenemos una amplia gama de deportes a los que te podes sumar y practicar, ya sea de manera competitiva como recreativa. Somos reconocidos en el pa\u00eds por el b\u00e1squet, ya que participamos en la Liga Argentina de B\u00e1squet, que es la segunda categor\u00eda de la pelota naranja. Tambi\u00e9n hemos participado [&hellip;]<\/p>\n","protected":false},"author":1,"featured_media":1111,"parent":0,"menu_order":0,"comment_status":"closed","ping_status":"closed","template":"","meta":[],"_links":{"self":[{"href":"https:\/\/www.atleticoechagueclub.com.ar\/index.php?rest_route=\/wp\/v2\/pages\/570"}],"collection":[{"href":"https:\/\/www.atleticoechagueclub.com.ar\/index.php?rest_route=\/wp\/v2\/pages"}],"about":[{"href":"https:\/\/www.atleticoechagueclub.com.ar\/index.php?rest_route=\/wp\/v2\/types\/page"}],"author":[{"embeddable":true,"href":"https:\/\/www.atleticoechagueclub.com.ar\/index.php?rest_route=\/wp\/v2\/users\/1"}],"replies":[{"embeddable":true,"href":"https:\/\/www.atleticoechagueclub.com.ar\/index.php?rest_route=%2Fwp%2Fv2%2Fcomments&post=570"}],"version-history":[{"count":6,"href":"https:\/\/www.atleticoechagueclub.com.ar\/index.php?rest_route=\/wp\/v2\/pages\/570\/revisions"}],"predecessor-version":[{"id":1788,"href":"https:\/\/www.atleticoechagueclub.com.ar\/index.php?rest_route=\/wp\/v2\/pages\/570\/revisions\/1788"}],"wp:featuredmedia":[{"embeddable":true,"href":"https:\/\/www.atleticoechagueclub.com.ar\/index.php?rest_route=\/wp\/v2\/media\/1111"}],"wp:attachment":[{"href":"https:\/\/www.atleticoechagueclub.com.ar\/index.php?rest_route=%2Fwp%2Fv2%2Fmedia&parent=570"}],"curies":[{"name":"wp","href":"https:\/\/api.w.org\/{rel}","templated":true}]}}