{"id":579,"date":"2017-12-18T12:48:42","date_gmt":"2017-12-18T15:48:42","guid":{"rendered":"http:\/\/www.atleticoechagueclub.com.ar\/?page_id=579"},"modified":"2019-03-27T15:05:30","modified_gmt":"2019-03-27T18:05:30","slug":"contacto","status":"publish","type":"page","link":"https:\/\/www.atleticoechagueclub.com.ar\/?page_id=579","title":{"rendered":"Contacto"},"content":{"rendered":"\n<p>Te podes comunicar con nosotros al 343 4312099, concurrir a nuestra sede social de 25 de Mayo 555 o v\u00eda nuestras redes sociales:<\/p>\n\n\n\n<p>Facebook: Atl\u00e9tico Echag\u00fce Club &#8211; Oficial<\/p>\n\n\n\n<p>Instagram: atleticoechagueoficial   <br><a href=\"https:\/\/www.instagram.com\/atleticoechagueoficial\/%EF%BB%BF\">https:\/\/www.instagram.com\/atleticoechagueoficial\/\ufeff<\/a> <br><br><\/p>\n","protected":false},"excerpt":{"rendered":"<p>Te podes comunicar con nosotros al 343 4312099, concurrir a nuestra sede social de 25 de Mayo 555 o v\u00eda nuestras redes sociales: Facebook: Atl\u00e9tico Echag\u00fce Club &#8211; Oficial Instagram: atleticoechagueoficial https:\/\/www.instagram.com\/atleticoechagueoficial\/\ufeff<\/p>\n","protected":false},"author":1,"featured_media":0,"parent":0,"menu_order":0,"comment_status":"open","ping_status":"closed","template":"","meta":[],"_links":{"self":[{"href":"https:\/\/www.atleticoechagueclub.com.ar\/index.php?rest_route=\/wp\/v2\/pages\/579"}],"collection":[{"href":"https:\/\/www.atleticoechagueclub.com.ar\/index.php?rest_route=\/wp\/v2\/pages"}],"about":[{"href":"https:\/\/www.atleticoechagueclub.com.ar\/index.php?rest_route=\/wp\/v2\/types\/page"}],"author":[{"embeddable":true,"href":"https:\/\/www.atleticoechagueclub.com.ar\/index.php?rest_route=\/wp\/v2\/users\/1"}],"replies":[{"embeddable":true,"href":"https:\/\/www.atleticoechagueclub.com.ar\/index.php?rest_route=%2Fwp%2Fv2%2Fcomments&post=579"}],"version-history":[{"count":13,"href":"https:\/\/www.atleticoechagueclub.com.ar\/index.php?rest_route=\/wp\/v2\/pages\/579\/revisions"}],"predecessor-version":[{"id":1798,"href":"https:\/\/www.atleticoechagueclub.com.ar\/index.php?rest_route=\/wp\/v2\/pages\/579\/revisions\/1798"}],"wp:attachment":[{"href":"https:\/\/www.atleticoechagueclub.com.ar\/index.php?rest_route=%2Fwp%2Fv2%2Fmedia&parent=579"}],"curies":[{"name":"wp","href":"https:\/\/api.w.org\/{rel}","templated":true}]}}